{"id":2,"date":"2016-05-10T03:48:21","date_gmt":"2016-05-10T03:48:21","guid":{"rendered":"https:\/\/vintage.elektronik-service-schroeder.de\/?page_id=2"},"modified":"2021-02-26T18:32:02","modified_gmt":"2021-02-26T18:32:02","slug":"sample-page","status":"publish","type":"page","link":"https:\/\/vintage.elektronik-service-schroeder.de\/?page_id=2","title":{"rendered":"Kontakt"},"content":{"rendered":"<p>Hallo liebe Kunden,<\/p>\n<p>die Webseite ist noch nicht ganz fertig, allerdings k\u00f6nnen Sie mich wie gewohnt per E-Mail oder w\u00e4hrend der Servicezeiten per Telefon erreichen.<\/p>\n<p><b>Elektronik-Service Schr\u00f6der<\/b><br \/>Rheinstr. 29<br \/>D-41363 J\u00fcchen<\/p>\n<p>Fon:\u00a0 +49 (0)21 81 \/ 49 03 78<br \/>Fax:\u00a0 +49 (0)21 81 \/ 49 03 27<\/p>\n<p>@: info@elektronik-service-schroeder.de<\/p>\n<p>\u00d6ffnungszeiten:<br \/>Montag bis Freitag: \u00a0 9.00 -13.00 + 14.00 -19.00 Uhr<br \/>Samstag:\u00a0\u00a0\u00a0\u00a0\u00a0\u00a0\u00a0\u00a0\u00a0\u00a0\u00a0\u00a0\u00a0\u00a0\u00a0\u00a0\u00a0\u00a010.00 -14.00 Uhr\u00a0\u00a0&#8211; Notdienst &#8211;<\/p>\n\n<div class=\"wpforms-container wpforms-container-full wpforms-block\" id=\"wpforms-12\"><form id=\"wpforms-form-12\" class=\"wpforms-validate wpforms-form\" data-formid=\"12\" method=\"post\" enctype=\"multipart\/form-data\" action=\"\/index.php?rest_route=%2Fwp%2Fv2%2Fpages%2F2\" data-token=\"40dbb3a87e7ffcbf5bd4565c0fdc76ea\" data-token-time=\"1778421245\"><noscript class=\"wpforms-error-noscript\">Bitte aktiviere JavaScript in deinem Browser, um dieses Formular fertigzustellen.<\/noscript><div class=\"wpforms-field-container\"><div id=\"wpforms-12-field_0-container\" class=\"wpforms-field wpforms-field-name\" data-field-id=\"0\"><label class=\"wpforms-field-label\">Name <span class=\"wpforms-required-label\">*<\/span><\/label><div class=\"wpforms-field-row wpforms-field-medium\"><div class=\"wpforms-field-row-block wpforms-first wpforms-one-half\"><input type=\"text\" id=\"wpforms-12-field_0\" class=\"wpforms-field-name-first wpforms-field-required\" name=\"wpforms[fields][0][first]\" required><label for=\"wpforms-12-field_0\" class=\"wpforms-field-sublabel after\">Vorname<\/label><\/div><div class=\"wpforms-field-row-block wpforms-one-half\"><input type=\"text\" id=\"wpforms-12-field_0-last\" class=\"wpforms-field-name-last wpforms-field-required\" name=\"wpforms[fields][0][last]\" required><label for=\"wpforms-12-field_0-last\" class=\"wpforms-field-sublabel after\">Nachname<\/label><\/div><\/div><\/div><div id=\"wpforms-12-field_1-container\" class=\"wpforms-field wpforms-field-email\" data-field-id=\"1\"><label class=\"wpforms-field-label\" for=\"wpforms-12-field_1\">E-Mail <span class=\"wpforms-required-label\">*<\/span><\/label><input type=\"email\" id=\"wpforms-12-field_1\" class=\"wpforms-field-medium wpforms-field-required\" name=\"wpforms[fields][1]\" spellcheck=\"false\" required><\/div><div id=\"wpforms-12-field_2-container\" class=\"wpforms-field wpforms-field-textarea\" data-field-id=\"2\"><label class=\"wpforms-field-label\" for=\"wpforms-12-field_2\">Kommentar oder Nachricht <span class=\"wpforms-required-label\">*<\/span><\/label><textarea id=\"wpforms-12-field_2\" class=\"wpforms-field-medium wpforms-field-required\" name=\"wpforms[fields][2]\" required><\/textarea><\/div><\/div><!-- .wpforms-field-container --><div class=\"wpforms-recaptcha-container wpforms-is-recaptcha wpforms-is-recaptcha-type-v2\" ><div class=\"g-recaptcha\" data-sitekey=\"6LciRmkaAAAAAP7OGxXorhCzAZ0IZgyIjuY1M5yK\"><\/div><input type=\"text\" name=\"g-recaptcha-hidden\" class=\"wpforms-recaptcha-hidden\" style=\"position:absolute!important;clip:rect(0,0,0,0)!important;height:1px!important;width:1px!important;border:0!important;overflow:hidden!important;padding:0!important;margin:0!important;\" data-rule-recaptcha=\"1\"><\/div><div class=\"wpforms-submit-container\" ><input type=\"hidden\" name=\"wpforms[id]\" value=\"12\"><input type=\"hidden\" name=\"page_title\" value=\"\"><input type=\"hidden\" name=\"page_url\" value=\"https:\/\/vintage.elektronik-service-schroeder.de\/index.php?rest_route=\/wp\/v2\/pages\/2\"><input type=\"hidden\" name=\"url_referer\" value=\"\"><button type=\"submit\" name=\"wpforms[submit]\" id=\"wpforms-submit-12\" class=\"wpforms-submit\" data-alt-text=\"Senden...\" data-submit-text=\"Absenden\" aria-live=\"assertive\" value=\"wpforms-submit\">Absenden<\/button><\/div><\/form><\/div>  <!-- .wpforms-container -->","protected":false},"excerpt":{"rendered":"<p>Hallo liebe Kunden, die Webseite ist noch nicht ganz fertig, allerdings k\u00f6nnen Sie mich wie gewohnt per E-Mail oder w\u00e4hrend der Servicezeiten per Telefon erreichen. Elektronik-Service Schr\u00f6derRheinstr. 29D-41363 J\u00fcchen Fon:\u00a0 +49 (0)21 81 \/ 49 03 78Fax:\u00a0 +49 (0)21 81 \/ 49 03 27 @: info@elektronik-service-schroeder.de \u00d6ffnungszeiten:Montag bis Freitag: \u00a0 9.00 -13.00 + 14.00 -19.00 [&hellip;]<\/p>\n","protected":false},"author":1,"featured_media":0,"parent":0,"menu_order":0,"comment_status":"closed","ping_status":"open","template":"","meta":{"footnotes":""},"class_list":["post-2","page","type-page","status-publish","hentry"],"_links":{"self":[{"href":"https:\/\/vintage.elektronik-service-schroeder.de\/index.php?rest_route=\/wp\/v2\/pages\/2","targetHints":{"allow":["GET"]}}],"collection":[{"href":"https:\/\/vintage.elektronik-service-schroeder.de\/index.php?rest_route=\/wp\/v2\/pages"}],"about":[{"href":"https:\/\/vintage.elektronik-service-schroeder.de\/index.php?rest_route=\/wp\/v2\/types\/page"}],"author":[{"embeddable":true,"href":"https:\/\/vintage.elektronik-service-schroeder.de\/index.php?rest_route=\/wp\/v2\/users\/1"}],"replies":[{"embeddable":true,"href":"https:\/\/vintage.elektronik-service-schroeder.de\/index.php?rest_route=%2Fwp%2Fv2%2Fcomments&post=2"}],"version-history":[{"count":2,"href":"https:\/\/vintage.elektronik-service-schroeder.de\/index.php?rest_route=\/wp\/v2\/pages\/2\/revisions"}],"predecessor-version":[{"id":13,"href":"https:\/\/vintage.elektronik-service-schroeder.de\/index.php?rest_route=\/wp\/v2\/pages\/2\/revisions\/13"}],"wp:attachment":[{"href":"https:\/\/vintage.elektronik-service-schroeder.de\/index.php?rest_route=%2Fwp%2Fv2%2Fmedia&parent=2"}],"curies":[{"name":"wp","href":"https:\/\/api.w.org\/{rel}","templated":true}]}}